{"id":909,"date":"2012-01-25T09:21:16","date_gmt":"2012-01-25T09:21:16","guid":{"rendered":"http:\/\/frawag.kernteilung.de\/?page_id=909"},"modified":"2012-01-25T09:21:16","modified_gmt":"2012-01-25T09:21:16","slug":"2013herbst1","status":"publish","type":"page","link":"http:\/\/www.cubicworlds.de\/blog\/seminare\/seminare2013\/2013herbst1\/","title":{"rendered":"Herbst I &#8211; 2013"},"content":{"rendered":"<p>&nbsp;<\/p>\n<p><span style=\"color: #800000;\"><big style=\"color: #660000;\">Herbstwoche:<\/big><\/span><\/p>\n<p style=\"margin-left: 40px;\"><span style=\"font-weight: bold;\">workshop Malerei So, den 29.09.2013 9.30<\/span> bis Samstag den <strong>05<\/strong><span style=\"font-weight: bold;\">.10.2013 14.00<\/span><\/p>\n<p style=\"margin-left: 40px;\"><span style=\"font-weight: bold;\">(keine Herbstferien, daf\u00fcr Tag der Einheit)<br \/>\n<\/span><\/p>\n<dl>\n<dd>7 Tage von jeweils 10:00 bis 13:00 Uhr und 14:30 bis 17:30 Uhr mit Beratung des <span style=\"color: #800000;\"><a href=\"http:\/\/qbs.christophkern.net\/\" target=\"_blank\">Dozenten<\/a>.<\/span><\/dd>\n<dd>Samstag Abschlu\u00dfbesprechung mit anschlie\u00dfendem Abschlu\u00dfessen.<\/dd>\n<dd>Erg\u00e4nzende Dia-\/Multimedia Vortr\u00e4ge und Kamingespr\u00e4che an einzelnen Abenden.<\/dd>\n<dd>Die Ateliers sind weitgehend 24h zug\u00e4nglich.<\/dd>\n<dd><strong> Kursbeginn Sonntag 9:30 Uhr<\/strong> mit gemeinsamem Fr\u00fchst\u00fcck auf Kosten des Hauses.<\/dd>\n<\/dl>\n<p><big><span style=\"color: #660000;\"> Kosten: <\/span><\/big><\/p>\n<dl>\n<dd><strong>Kursgeb\u00fchr f\u00fcr <\/strong><strong>7 Tage 210,\u2013 \u20ac\/Pers.<br \/>\nAbend-3 G\u00e4nge-Menue pauschal pro Woche 95,\u2013 \u20ac\/Pers.<\/strong><br \/>\nKursgeb\u00fchr Sch\u00fcler\/ Studenten 180,\u2013\u00a0\u20ac (7 Tage)<br \/>\n<strong><br \/>\n<\/strong><\/dd>\n<dd><\/dd>\n<\/dl>\n<p>(maximal 18 Personen)<\/p>\n<p>Das <a href=\"https:\/\/docs.google.com\/file\/d\/0B5u9hg1Y-vJvRmI0c2NRZTladzQ\/edit?usp=sharing\" target=\"_blank\">Anmeldeformular <\/a>k\u00f6nnen Sie hier als <a href=\"https:\/\/docs.google.com\/file\/d\/0B5u9hg1Y-vJvRmI0c2NRZTladzQ\/edit?usp=sharing\" target=\"_blank\">pdf\u00a0 <\/a>ansehen oder mit einem Rechtsklick (Speichern unter) herunterladen.<\/p>\n","protected":false},"excerpt":{"rendered":"<p>&nbsp; Herbstwoche: workshop Malerei So, den 29.09.2013 9.30 bis Samstag den 05.10.2013 14.00 (keine Herbstferien, daf\u00fcr Tag der Einheit) 7 Tage von jeweils 10:00 bis 13:00 Uhr und 14:30 bis 17:30 Uhr mit Beratung des Dozenten. Samstag Abschlu\u00dfbesprechung mit anschlie\u00dfendem Abschlu\u00dfessen. Erg\u00e4nzende Dia-\/Multimedia Vortr\u00e4ge und Kamingespr\u00e4che an einzelnen Abenden. Die Ateliers sind weitgehend 24h zug\u00e4nglich. [&hellip;]<\/p>\n","protected":false},"author":2,"featured_media":0,"parent":12,"menu_order":3,"comment_status":"open","ping_status":"open","template":"","meta":[],"_links":{"self":[{"href":"http:\/\/www.cubicworlds.de\/blog\/seminare\/wp-json\/wp\/v2\/pages\/909"}],"collection":[{"href":"http:\/\/www.cubicworlds.de\/blog\/seminare\/wp-json\/wp\/v2\/pages"}],"about":[{"href":"http:\/\/www.cubicworlds.de\/blog\/seminare\/wp-json\/wp\/v2\/types\/page"}],"author":[{"embeddable":true,"href":"http:\/\/www.cubicworlds.de\/blog\/seminare\/wp-json\/wp\/v2\/users\/2"}],"replies":[{"embeddable":true,"href":"http:\/\/www.cubicworlds.de\/blog\/seminare\/wp-json\/wp\/v2\/comments?post=909"}],"version-history":[{"count":0,"href":"http:\/\/www.cubicworlds.de\/blog\/seminare\/wp-json\/wp\/v2\/pages\/909\/revisions"}],"up":[{"embeddable":true,"href":"http:\/\/www.cubicworlds.de\/blog\/seminare\/wp-json\/wp\/v2\/pages\/12"}],"wp:attachment":[{"href":"http:\/\/www.cubicworlds.de\/blog\/seminare\/wp-json\/wp\/v2\/media?parent=909"}],"curies":[{"name":"wp","href":"https:\/\/api.w.org\/{rel}","templated":true}]}}