{"id":898,"date":"2012-01-25T08:36:16","date_gmt":"2012-01-25T08:36:16","guid":{"rendered":"http:\/\/frawag.kernteilung.de\/?page_id=898"},"modified":"2012-01-25T08:36:16","modified_gmt":"2012-01-25T08:36:16","slug":"pfingsten-2013","status":"publish","type":"page","link":"http:\/\/www.cubicworlds.de\/blog\/seminare\/seminare2015\/pfingsten-2013\/","title":{"rendered":"Pfingsten 2013"},"content":{"rendered":"<p><big><span style=\"color: #660000;\">Pfingstwoche1 (Ferien in BY):<\/span> <\/big><\/p>\n<dl>\n<dd>Sonntag, den <span style=\"font-weight: bold;\">15.06.2014 09.30h<\/span> bis Samstag <span style=\"font-weight: bold;\">21.06.2014 14.00h<\/span><\/dd>\n<\/dl>\n<p><big><span style=\"color: #660000;\">Pfingstwoche2 (keine Ferien in BY):<\/span> <\/big><\/p>\n<dl>\n<dd>Sonntag, den <span style=\"font-weight: bold;\">22.06.2014 09.30h<\/span> bis Samstag, <span style=\"font-weight: bold;\">28.06.2014 14.00h<\/span><\/dd>\n<\/dl>\n<p>von jeweils 10:00 bis 13:00 Uhr und 14:00 bis 17:00 Uhr mit erg\u00e4nzenden<br \/>\nDia-\/Multimedia Vortr\u00e4gen und Kamingespr\u00e4chen an einzelnen Abenden.<\/p>\n<p>Kursbeginn Sonntag 9:30 h mit gemeinsamem Fr\u00fchst\u00fcck auf Kosten des Hauses<\/p>\n<p><big style=\"color: #660000;\">Kosten: <\/big><\/p>\n<dl>\n<dd>Kursgeb\u00fchr f\u00fcr <span style=\"font-weight: bold;\">7 Tage<\/span> kosten <span style=\"font-weight: bold;\">210,\u2013 \u20ac\/Pers.<\/span><br \/>\nKursgeb\u00fchr f\u00fcr <span style=\"font-weight: bold;\">14 Tage<\/span> kosten <span style=\"font-weight: bold;\">390,\u2013 \u20ac\/Pers<\/span><br \/>\nAbend-3 G\u00e4nge-Menue pauschal pro Woche <span style=\"font-weight: bold;\">110,\u2013 \u20ac\/Pers<\/span>.<br \/>\nKursgeb\u00fchr Sch\u00fcler\/ Studenten\/ Bed\u00fcrftige 180,\u2013 \u20ac\/Pers. bzw. 330,\u2013 \u20ac\/Pers.<\/dd>\n<\/dl>\n<p>(maximal 18 Personen)<\/p>\n<p>Das <a title=\"Einladung Pfingstseminare 1 und 2\" href=\"https:\/\/drive.google.com\/file\/d\/0B5u9hg1Y-vJvUTJLVC1tZFMyY2M\/edit?usp=sharing\" target=\"_blank\"><strong>Anmeldeformular<\/strong><\/a> mit ausf\u00fchrlichen Infos k\u00f6nnen Sie <a title=\"Einladung Pfingssemianre 1 und 2\" href=\"https:\/\/drive.google.com\/file\/d\/0B5u9hg1Y-vJvUTJLVC1tZFMyY2M\/edit?usp=sharing\" target=\"_blank\"><strong>hier<\/strong><\/a> als <a title=\"Einladung Pfingstseminare 1 und 2\" href=\"https:\/\/drive.google.com\/file\/d\/0B5u9hg1Y-vJvUTJLVC1tZFMyY2M\/edit?usp=sharing\" target=\"_blank\"><strong>pdf<\/strong><\/a> ansehen (und mit einem Rechtsklick herunterladen).<\/p>\n","protected":false},"excerpt":{"rendered":"<p>Pfingstwoche1 (Ferien in BY): Sonntag, den 15.06.2014 09.30h bis Samstag 21.06.2014 14.00h Pfingstwoche2 (keine Ferien in BY): Sonntag, den 22.06.2014 09.30h bis Samstag, 28.06.2014 14.00h von jeweils 10:00 bis 13:00 Uhr und 14:00 bis 17:00 Uhr mit erg\u00e4nzenden Dia-\/Multimedia Vortr\u00e4gen und Kamingespr\u00e4chen an einzelnen Abenden. Kursbeginn Sonntag 9:30 h mit gemeinsamem Fr\u00fchst\u00fcck auf Kosten des [&hellip;]<\/p>\n","protected":false},"author":2,"featured_media":0,"parent":1259,"menu_order":0,"comment_status":"open","ping_status":"open","template":"","meta":[],"_links":{"self":[{"href":"http:\/\/www.cubicworlds.de\/blog\/seminare\/wp-json\/wp\/v2\/pages\/898"}],"collection":[{"href":"http:\/\/www.cubicworlds.de\/blog\/seminare\/wp-json\/wp\/v2\/pages"}],"about":[{"href":"http:\/\/www.cubicworlds.de\/blog\/seminare\/wp-json\/wp\/v2\/types\/page"}],"author":[{"embeddable":true,"href":"http:\/\/www.cubicworlds.de\/blog\/seminare\/wp-json\/wp\/v2\/users\/2"}],"replies":[{"embeddable":true,"href":"http:\/\/www.cubicworlds.de\/blog\/seminare\/wp-json\/wp\/v2\/comments?post=898"}],"version-history":[{"count":0,"href":"http:\/\/www.cubicworlds.de\/blog\/seminare\/wp-json\/wp\/v2\/pages\/898\/revisions"}],"up":[{"embeddable":true,"href":"http:\/\/www.cubicworlds.de\/blog\/seminare\/wp-json\/wp\/v2\/pages\/1259"}],"wp:attachment":[{"href":"http:\/\/www.cubicworlds.de\/blog\/seminare\/wp-json\/wp\/v2\/media?parent=898"}],"curies":[{"name":"wp","href":"https:\/\/api.w.org\/{rel}","templated":true}]}}