{"id":8,"date":"2006-12-27T23:54:16","date_gmt":"2006-12-27T22:54:16","guid":{"rendered":"http:\/\/christophkern.net\/blog\/seminare\/?page_id=3"},"modified":"2006-12-27T23:54:16","modified_gmt":"2006-12-27T22:54:16","slug":"einfuhrung","status":"publish","type":"page","link":"http:\/\/www.cubicworlds.de\/blog\/seminare\/einfuhrung\/","title":{"rendered":"Einf\u00fchrung"},"content":{"rendered":"<div class=\"postentry\">\n<p><a title=\"Impressionen\" href=\"http:\/\/christophkern.net\/blog\/seminare\/?page_id=25\"><img decoding=\"async\" style=\"width: 119px; height: 119px; float: left;\" src=\"http:\/\/www.cubicworlds.de\/Seminare\/Bilder\/album\/Drinnen%20und%20Draussen\/thumbs\/P6030017.JPG\" alt=\"Freisitz\" hspace=\"5\" \/><\/a>Unter der Leitung des Berliner Malers [link2post id=&#8221;11&#8243;]Christoph Kern[\/link2post] bieten wir Wochenseminare f\u00fcr Malerei an.<\/p>\n<p>Familie Laukmanis stellt hierf\u00fcr mit dem STADEL WAGENHOFEN ihr ca. 500 Jahre altes Anwesen zur Verf\u00fcgung<br \/>\nund bietet damit ausgezeichnet geeignete und gro\u00dfz\u00fcgige R\u00e4umlichkeiten.<\/p>\n<p>Die famili\u00e4re Atmosph\u00e4re in einem unkomplizierten Ambiente,<br \/>\nindividuelle Betreuung, ortsnahe Unterbringung<br \/>\nund eine hervorragende K\u00fcche unterst\u00fctzen die Teilnehmer bestens bei der k\u00fcnstlerischen Arbeit.<\/p>\n<p>Die kleine [link2post id=&#8221;509&#8243;]Bilderschau [\/link2post]gibt Ihnen einen visuellen Eindruck von den Seminaren.<\/p>\n<\/div>\n","protected":false},"excerpt":{"rendered":"<p>Unter der Leitung des Berliner Malers [link2post id=&#8221;11&#8243;]Christoph Kern[\/link2post] bieten wir Wochenseminare f\u00fcr Malerei an. Familie Laukmanis stellt hierf\u00fcr mit dem STADEL WAGENHOFEN ihr ca. 500 Jahre altes Anwesen zur Verf\u00fcgung und bietet damit ausgezeichnet geeignete und gro\u00dfz\u00fcgige R\u00e4umlichkeiten. Die famili\u00e4re Atmosph\u00e4re in einem unkomplizierten Ambiente, individuelle Betreuung, ortsnahe Unterbringung und eine hervorragende K\u00fcche unterst\u00fctzen [&hellip;]<\/p>\n","protected":false},"author":2,"featured_media":0,"parent":0,"menu_order":0,"comment_status":"open","ping_status":"open","template":"","meta":[],"_links":{"self":[{"href":"http:\/\/www.cubicworlds.de\/blog\/seminare\/wp-json\/wp\/v2\/pages\/8"}],"collection":[{"href":"http:\/\/www.cubicworlds.de\/blog\/seminare\/wp-json\/wp\/v2\/pages"}],"about":[{"href":"http:\/\/www.cubicworlds.de\/blog\/seminare\/wp-json\/wp\/v2\/types\/page"}],"author":[{"embeddable":true,"href":"http:\/\/www.cubicworlds.de\/blog\/seminare\/wp-json\/wp\/v2\/users\/2"}],"replies":[{"embeddable":true,"href":"http:\/\/www.cubicworlds.de\/blog\/seminare\/wp-json\/wp\/v2\/comments?post=8"}],"version-history":[{"count":0,"href":"http:\/\/www.cubicworlds.de\/blog\/seminare\/wp-json\/wp\/v2\/pages\/8\/revisions"}],"wp:attachment":[{"href":"http:\/\/www.cubicworlds.de\/blog\/seminare\/wp-json\/wp\/v2\/media?parent=8"}],"curies":[{"name":"wp","href":"https:\/\/api.w.org\/{rel}","templated":true}]}}