{"id":19,"date":"2006-12-29T00:00:52","date_gmt":"2006-12-29T00:00:52","guid":{"rendered":"http:\/\/christophkern.net\/blog\/seminare\/?page_id=18"},"modified":"2006-12-29T00:00:52","modified_gmt":"2006-12-29T00:00:52","slug":"teilnahmebedingungen","status":"publish","type":"page","link":"http:\/\/www.cubicworlds.de\/blog\/seminare\/teilnahmebedingungen\/","title":{"rendered":"KLEINGEDRUCKTES"},"content":{"rendered":"<p lang=\"de-DE\">Bei R\u00fccktritt vom Vertrag ab 30 Tage vor Seminarbeginn sind 20 % der Seminargeb\u00fchr f\u00e4llig.<br \/>\nEin R\u00fccktritt weniger als 20 Tage vor Seminarbeginn ist nicht m\u00f6glich. Der volle Rechnungsbetrag ist dann zur Zahlung f\u00e4llig.<br \/>\nAlternativ k\u00f6nnen Ersatzteilnehmer benannt oder die Kursgeb\u00fchr in besonders begr\u00fcndeten F\u00e4llen auf einen Folgekurs angerechnet werden.<\/p>\n<p lang=\"de-DE\">Bei den Preisen handelt es sich um Pauschalangebote. Einzelne Tage k\u00f6nnen in Ausnahmef\u00e4llen zu 40 Eur gebucht werden.<\/p>\n<p>&nbsp;<\/p>\n","protected":false},"excerpt":{"rendered":"<p>Bei R\u00fccktritt vom Vertrag ab 30 Tage vor Seminarbeginn sind 20 % der Seminargeb\u00fchr f\u00e4llig. Ein R\u00fccktritt weniger als 20 Tage vor Seminarbeginn ist nicht m\u00f6glich. Der volle Rechnungsbetrag ist dann zur Zahlung f\u00e4llig. Alternativ k\u00f6nnen Ersatzteilnehmer benannt oder die Kursgeb\u00fchr in besonders begr\u00fcndeten F\u00e4llen auf einen Folgekurs angerechnet werden. Bei den Preisen handelt es [&hellip;]<\/p>\n","protected":false},"author":2,"featured_media":0,"parent":0,"menu_order":0,"comment_status":"open","ping_status":"closed","template":"","meta":[],"_links":{"self":[{"href":"http:\/\/www.cubicworlds.de\/blog\/seminare\/wp-json\/wp\/v2\/pages\/19"}],"collection":[{"href":"http:\/\/www.cubicworlds.de\/blog\/seminare\/wp-json\/wp\/v2\/pages"}],"about":[{"href":"http:\/\/www.cubicworlds.de\/blog\/seminare\/wp-json\/wp\/v2\/types\/page"}],"author":[{"embeddable":true,"href":"http:\/\/www.cubicworlds.de\/blog\/seminare\/wp-json\/wp\/v2\/users\/2"}],"replies":[{"embeddable":true,"href":"http:\/\/www.cubicworlds.de\/blog\/seminare\/wp-json\/wp\/v2\/comments?post=19"}],"version-history":[{"count":0,"href":"http:\/\/www.cubicworlds.de\/blog\/seminare\/wp-json\/wp\/v2\/pages\/19\/revisions"}],"wp:attachment":[{"href":"http:\/\/www.cubicworlds.de\/blog\/seminare\/wp-json\/wp\/v2\/media?parent=19"}],"curies":[{"name":"wp","href":"https:\/\/api.w.org\/{rel}","templated":true}]}}