{"id":1793,"date":"2016-02-17T17:31:17","date_gmt":"2016-02-17T15:31:17","guid":{"rendered":"http:\/\/www.cubicworlds.de\/blog\/seminare\/?page_id=1793"},"modified":"2016-02-17T18:31:48","modified_gmt":"2016-02-17T16:31:48","slug":"frontpage1","status":"publish","type":"page","link":"http:\/\/www.cubicworlds.de\/blog\/seminare\/frontpage1\/","title":{"rendered":"frontpage1"},"content":{"rendered":"<h1 style=\"text-align: center;\">EXPLORE<\/h1>\n<h3 style=\"text-align: center;\">everything and do what you love<\/h3>\n<p style=\"text-align: center;\"><a href=\"\/about\">Our Mission<\/a>\u00a0<a href=\"\/our-work\">View Our Work<\/a><\/p>\n<p>Wenzel Jamnitzer ist mit dieser \u00bbPerspectiva\u00ab nicht nur eine \u00e4u\u00dferst kunstvolle und pr\u00e4zise Darstellung der f\u00fcnf platonischen K\u00f6rper und ihrer perspektivischen Variationen gelungen, sondern zugleich auch eines der ersten seriellen bildnerischen Werke der deutschen Kunst. Mit den Mitteln eines kalkulierten wir w\u00fcrden sagen konzeptionellen Umgangs mit Tetraeder, Hexaeder, Oktaeder, Dodekaeder und Isokaeder gelang es ihm, durch Kombination und Variation, Abschneiden und Hinzuf\u00fcgen einzelner K\u00f6rpersegmente abstrakte Bildsequenzen aufzubauen, die von den einfachsten Grundformen bis in bizarre manieristische Phantasiewelten f\u00fchren. Warum sich der bekannteste Goldschmied der deutschen Renaissance, der mit den Produkten seiner Werkstatt mehrere europ\u00e4ische F\u00fcrstenh\u00f6fe belieferte, dieser Jahrzehnte w\u00e4hrenden M\u00fche unterzogen hat \u2013 dar\u00fcber l\u00e4\u00dft sich nur spekulieren. Von einer dir<\/p>\n<p>\t\t\t\t<img decoding=\"async\" src=\"http:\/\/www.cubicworlds.de\/blog\/seminare\/wp-content\/uploads\/2016\/01\/20150713__MG_0019-300x300.jpg\" alt=\"Chaotic Pendel, 120 x 120 cm, Eggtempera\/Oil on muslin, 2014\" itemprop=\"image\"  \/><\/p>\n","protected":false},"excerpt":{"rendered":"<p>EXPLORE everything and do what you love Our Mission\u00a0View Our Work Wenzel Jamnitzer ist mit dieser \u00bbPerspectiva\u00ab nicht nur eine \u00e4u\u00dferst kunstvolle und pr\u00e4zise Darstellung der f\u00fcnf platonischen K\u00f6rper und ihrer perspektivischen Variationen gelungen, sondern zugleich auch eines der ersten seriellen bildnerischen Werke der deutschen Kunst. Mit den Mitteln eines kalkulierten wir w\u00fcrden sagen konzeptionellen [&hellip;]<\/p>\n","protected":false},"author":1,"featured_media":0,"parent":0,"menu_order":0,"comment_status":"closed","ping_status":"closed","template":"full-width-page.php","meta":[],"_links":{"self":[{"href":"http:\/\/www.cubicworlds.de\/blog\/seminare\/wp-json\/wp\/v2\/pages\/1793"}],"collection":[{"href":"http:\/\/www.cubicworlds.de\/blog\/seminare\/wp-json\/wp\/v2\/pages"}],"about":[{"href":"http:\/\/www.cubicworlds.de\/blog\/seminare\/wp-json\/wp\/v2\/types\/page"}],"author":[{"embeddable":true,"href":"http:\/\/www.cubicworlds.de\/blog\/seminare\/wp-json\/wp\/v2\/users\/1"}],"replies":[{"embeddable":true,"href":"http:\/\/www.cubicworlds.de\/blog\/seminare\/wp-json\/wp\/v2\/comments?post=1793"}],"version-history":[{"count":5,"href":"http:\/\/www.cubicworlds.de\/blog\/seminare\/wp-json\/wp\/v2\/pages\/1793\/revisions"}],"predecessor-version":[{"id":1801,"href":"http:\/\/www.cubicworlds.de\/blog\/seminare\/wp-json\/wp\/v2\/pages\/1793\/revisions\/1801"}],"wp:attachment":[{"href":"http:\/\/www.cubicworlds.de\/blog\/seminare\/wp-json\/wp\/v2\/media?parent=1793"}],"curies":[{"name":"wp","href":"https:\/\/api.w.org\/{rel}","templated":true}]}}