{"id":15,"date":"2006-12-28T18:07:06","date_gmt":"2006-12-28T17:07:06","guid":{"rendered":"http:\/\/christophkern.net\/blog\/seminare\/?page_id=13"},"modified":"2006-12-28T18:07:06","modified_gmt":"2006-12-28T17:07:06","slug":"ubernachtungsmoglichkeiten","status":"publish","type":"page","link":"http:\/\/www.cubicworlds.de\/blog\/seminare\/ubernachtungsmoglichkeiten\/","title":{"rendered":"\u00dcbernachtungsm\u00f6glichkeiten"},"content":{"rendered":"<p>Folgende \u00dcbernachtungsm\u00f6glichkeiten bestehen direkt im Stadel Wagenhofen:*<\/p>\n<p>2-Bettzimmer mit Dusche<br \/>\n5-Bettzimmer mit getrennten Schlaf-Boxen und Dusche<\/p>\n<p>Geb\u00e4ude mit Denkmalschutz<\/p>\n<p style=\"text-align: left;\">Unsere Zimmer sind alles Nichtraucherzimmer &#8211; Kinderbett w\u00e4re auch vorhanden.<\/p>\n<p style=\"text-align: left;\">Einkaufsm\u00f6glichkeiten in Laufn\u00e4he.<\/p>\n<p style=\"text-align: left;\">im Malseminarverbund Wochenpreis z.Bsp. 55,-\u20ac ohne Fr\u00fchst\u00fcck.<\/p>\n<p style=\"text-align: center;\"><a title=\"Zimmer\" href=\"http:\/\/frawag.kernteilung.de\/?page_id=604\"><img decoding=\"async\" loading=\"lazy\" class=\"aligncenter\" style=\"border: 0pt none;\" src=\"http:\/\/farm4.static.flickr.com\/3099\/2785935295_239355a14f_t.jpg\" border=\"0\" alt=\"Stadel Wagenhofen\" width=\"100\" height=\"75\" \/><\/a><span style=\"color: #003300;\"><strong> (Bildeindr\u00fccke k\u00f6nnen Sie <a title=\"Zimmer\" href=\"http:\/\/frawag.kernteilung.de\/?page_id=604\">hier <\/a> ansehen)<\/strong><\/span><\/p>\n<p><strong><br \/>\n<\/strong><\/p>\n<p>N\u00e4heres bitte bei <a title=\"Anmeldung\" href=\"http:\/\/frawag.kernteilung.de\/?page_id=16\">Anmeldung <\/a>erfragen.<\/p>\n<p>Weitere \u00dcbernachtungsm\u00f6glichkeiten vor Ort bestehen. Entsprechende Kontaktadressen\/Telefonnummern k\u00f6nnen<a title=\"Anmeldung\" href=\"http:\/\/frawag.kernteilung.de\/?page_id=16\"> hier bei Fam. Laukmanis erfragt werden<\/a>.<\/p>\n","protected":false},"excerpt":{"rendered":"<p>Folgende \u00dcbernachtungsm\u00f6glichkeiten bestehen direkt im Stadel Wagenhofen:* 2-Bettzimmer mit Dusche 5-Bettzimmer mit getrennten Schlaf-Boxen und Dusche Geb\u00e4ude mit Denkmalschutz Unsere Zimmer sind alles Nichtraucherzimmer &#8211; Kinderbett w\u00e4re auch vorhanden. Einkaufsm\u00f6glichkeiten in Laufn\u00e4he. im Malseminarverbund Wochenpreis z.Bsp. 55,-\u20ac ohne Fr\u00fchst\u00fcck. (Bildeindr\u00fccke k\u00f6nnen Sie hier ansehen) N\u00e4heres bitte bei Anmeldung erfragen. Weitere \u00dcbernachtungsm\u00f6glichkeiten vor Ort bestehen. Entsprechende [&hellip;]<\/p>\n","protected":false},"author":2,"featured_media":0,"parent":0,"menu_order":5,"comment_status":"open","ping_status":"open","template":"","meta":[],"_links":{"self":[{"href":"http:\/\/www.cubicworlds.de\/blog\/seminare\/wp-json\/wp\/v2\/pages\/15"}],"collection":[{"href":"http:\/\/www.cubicworlds.de\/blog\/seminare\/wp-json\/wp\/v2\/pages"}],"about":[{"href":"http:\/\/www.cubicworlds.de\/blog\/seminare\/wp-json\/wp\/v2\/types\/page"}],"author":[{"embeddable":true,"href":"http:\/\/www.cubicworlds.de\/blog\/seminare\/wp-json\/wp\/v2\/users\/2"}],"replies":[{"embeddable":true,"href":"http:\/\/www.cubicworlds.de\/blog\/seminare\/wp-json\/wp\/v2\/comments?post=15"}],"version-history":[{"count":0,"href":"http:\/\/www.cubicworlds.de\/blog\/seminare\/wp-json\/wp\/v2\/pages\/15\/revisions"}],"wp:attachment":[{"href":"http:\/\/www.cubicworlds.de\/blog\/seminare\/wp-json\/wp\/v2\/media?parent=15"}],"curies":[{"name":"wp","href":"https:\/\/api.w.org\/{rel}","templated":true}]}}