{"id":1463,"date":"2015-01-12T11:05:25","date_gmt":"2015-01-12T11:05:25","guid":{"rendered":"http:\/\/frawag.kernteilung.de\/?page_id=1463"},"modified":"2015-01-12T11:05:25","modified_gmt":"2015-01-12T11:05:25","slug":"pfingsten-2015","status":"publish","type":"page","link":"http:\/\/www.cubicworlds.de\/blog\/seminare\/seminare2015\/pfingsten-2015\/","title":{"rendered":"Pfingsten I+II, 2015"},"content":{"rendered":"<p><big><span style=\"color: #800000;\">Pfingstwoche 1<\/span> (Ferien in BY):<\/big><\/p>\n<dl>\n<dd><strong>Sonntag<\/strong>, <strong>31.5.2015<\/strong> 09.30h\u00a0bis <strong>Samstag,<\/strong> <strong>06.06.2015<\/strong> 14.00h<\/dd>\n<\/dl>\n<p><big><span style=\"color: #800000;\">Pfingstwoche 2<\/span> (keine Ferien in BY):<\/big><\/p>\n<dl>\n<dd><strong>Sonntag<\/strong>, <strong>07.06.2014<\/strong>\u00a009.30h\u00a0bis <strong>Samstag<\/strong>, <strong>13.06.2014<\/strong>\u00a014.00h<\/dd>\n<\/dl>\n<p>von jeweils 10:00 bis 13:00 Uhr und 14:00 bis 17:00 Uhr mit erg\u00e4nzenden<br \/>\nDia-\/Multimedia Vortr\u00e4gen und Kamingespr\u00e4chen an einzelnen Abenden.<\/p>\n<p>Kursbeginn Sonntag 9:30 h mit gemeinsamem Fr\u00fchst\u00fcck auf Kosten des Hauses<\/p>\n<p><big>Kosten:<\/big><\/p>\n<dl>\n<dd>Kursgeb\u00fchr f\u00fcr\u00a07 Tage\u00a0kosten\u00a0240,\u2013 \u20ac\/Pers.<br \/>\nKursgeb\u00fchr f\u00fcr\u00a014 Tage\u00a0kosten 450,\u2013 \u20ac\/Pers<br \/>\nAbend-3 G\u00e4nge-Menue pauschal pro Woche 110,\u2013 \u20ac\/Pers.<br \/>\nKursgeb\u00fchr Sch\u00fcler\/ Studenten\/ Bed\u00fcrftige 210,\u2013 \u20ac\/Pers. bzw. 390,\u2013 \u20ac\/Pers.<\/dd>\n<\/dl>\n<p>(maximal 18 Personen)<\/p>\n<p><span style=\"text-decoration: underline;\"><strong>Anmeldeformular f\u00fcr Pfingsten 1+2<\/strong><\/span><\/p>\n<p>[gview file=&#8221;http:\/\/frawag.kernteilung.de\/wp-content\/uploads\/2015\/01\/Einladung-Malkurs-Kern-Pfingsten-2015-1-2.pdf&#8221;]<\/p>\n<p>Das <a title=\"Einladung Pfingstseminare 1 und 2\" href=\"https:\/\/drive.google.com\/file\/d\/0B5u9hg1Y-vJvUTJLVC1tZFMyY2M\/edit?usp=sharing\" target=\"_blank\"><strong>Anmeldeformular<\/strong><\/a> k\u00f6nnen Sie alternativ auch <a title=\"Einladung Pfingstseminare 1 und 2\" href=\"https:\/\/drive.google.com\/file\/d\/0B5u9hg1Y-vJvUTJLVC1tZFMyY2M\/edit?usp=sharing\" target=\"_blank\">hier<\/a> als\u00a0<a title=\"Einladung Pfingstseminare 1 und 2\" href=\"https:\/\/drive.google.com\/file\/d\/0B5u9hg1Y-vJvUTJLVC1tZFMyY2M\/edit?usp=sharing\" target=\"_blank\"><strong>pdf<\/strong><\/a>\u00a0ansehen (und mit einem Rechtsklick herunterladen).<\/p>\n","protected":false},"excerpt":{"rendered":"<p>Pfingstwoche 1 (Ferien in BY): Sonntag, 31.5.2015 09.30h\u00a0bis Samstag, 06.06.2015 14.00h Pfingstwoche 2 (keine Ferien in BY): Sonntag, 07.06.2014\u00a009.30h\u00a0bis Samstag, 13.06.2014\u00a014.00h von jeweils 10:00 bis 13:00 Uhr und 14:00 bis 17:00 Uhr mit erg\u00e4nzenden Dia-\/Multimedia Vortr\u00e4gen und Kamingespr\u00e4chen an einzelnen Abenden. Kursbeginn Sonntag 9:30 h mit gemeinsamem Fr\u00fchst\u00fcck auf Kosten des Hauses Kosten: Kursgeb\u00fchr f\u00fcr\u00a07 [&hellip;]<\/p>\n","protected":false},"author":2,"featured_media":0,"parent":1259,"menu_order":0,"comment_status":"open","ping_status":"open","template":"","meta":[],"_links":{"self":[{"href":"http:\/\/www.cubicworlds.de\/blog\/seminare\/wp-json\/wp\/v2\/pages\/1463"}],"collection":[{"href":"http:\/\/www.cubicworlds.de\/blog\/seminare\/wp-json\/wp\/v2\/pages"}],"about":[{"href":"http:\/\/www.cubicworlds.de\/blog\/seminare\/wp-json\/wp\/v2\/types\/page"}],"author":[{"embeddable":true,"href":"http:\/\/www.cubicworlds.de\/blog\/seminare\/wp-json\/wp\/v2\/users\/2"}],"replies":[{"embeddable":true,"href":"http:\/\/www.cubicworlds.de\/blog\/seminare\/wp-json\/wp\/v2\/comments?post=1463"}],"version-history":[{"count":0,"href":"http:\/\/www.cubicworlds.de\/blog\/seminare\/wp-json\/wp\/v2\/pages\/1463\/revisions"}],"up":[{"embeddable":true,"href":"http:\/\/www.cubicworlds.de\/blog\/seminare\/wp-json\/wp\/v2\/pages\/1259"}],"wp:attachment":[{"href":"http:\/\/www.cubicworlds.de\/blog\/seminare\/wp-json\/wp\/v2\/media?parent=1463"}],"curies":[{"name":"wp","href":"https:\/\/api.w.org\/{rel}","templated":true}]}}