{"id":1456,"date":"2015-01-12T10:49:56","date_gmt":"2015-01-12T10:49:56","guid":{"rendered":"http:\/\/frawag.kernteilung.de\/?page_id=1456"},"modified":"2015-01-12T10:49:56","modified_gmt":"2015-01-12T10:49:56","slug":"ostern-2015","status":"publish","type":"page","link":"http:\/\/www.cubicworlds.de\/blog\/seminare\/seminare2015\/ostern-2015\/","title":{"rendered":"Ostern &#8211; 2015"},"content":{"rendered":"<p><big style=\"color: #660000;\">Osterwoche:<\/big><\/p>\n<p style=\"margin-left: 40px;\"><span style=\"font-weight: bold;\">Workshop Malerei So, den 29.03.2015 9.30<\/span> bis Samstag den <span style=\"font-weight: bold;\">04.04.2015 14.00 (Herbstferien BY)<\/span><\/p>\n<dl>\n<dd>Sieben Tage von jeweils 10:00 bis 13:00 Uhr und 14:00 bis 17:00 Uhr mit Beratung des <span style=\"color: #800000;\"><a href=\"http:\/\/qbs.christophkern.net\/\" target=\"_blank\">Dozenten<\/a>.<\/span><\/dd>\n<dd>Samstag Abschlu\u00dfbesprechung mit anschlie\u00dfendem Abschlu\u00dfessen (Ende ca 14h).<\/dd>\n<dd>Erg\u00e4nzende Dia-\/Multimedia Vortr\u00e4ge und Kamingespr\u00e4che an einzelnen Abenden.<\/dd>\n<dd>Die Ateliers sind weitgehend 24h zug\u00e4nglich.<\/dd>\n<dd><strong> Kursbeginn Sonntag 9:30 Uhr<\/strong> mit gemeinsamem Fr\u00fchst\u00fcck auf Kosten des Hauses.<\/dd>\n<\/dl>\n<p><big><span style=\"color: #660000;\"> Kosten: <\/span><\/big><\/p>\n<dl>\n<dd><strong>Kursgeb\u00fchr f\u00fcr <\/strong><strong>7 Tage 240,\u2013 \u20ac\/Pers.<\/strong> <strong><br \/>\nAbend-3 G\u00e4nge-Menue pauschal pro Woche 110,\u2013 \u20ac\/Pers.<\/strong><br \/>\nKursgeb\u00fchr Sch\u00fcler\/ Studenten\u00a0 210,\u2013 \u20ac (7 Tage)<br \/>\nHeizpauschale bei Bedarf w\u00f6chentl. 10,\u2013 \u20ac \/Pers.<\/dd>\n<dd><\/dd>\n<\/dl>\n<p>(maximal 18 Personen)<\/p>\n<p><strong><span style=\"text-decoration: underline;\">Anmeldeformular<\/span><\/strong><\/p>\n<p>[gview file=&#8221;http:\/\/frawag.kernteilung.de\/wp-content\/uploads\/2015\/01\/Einladung-Malkurs-Kern-Ostern-EDV-2015.pdf&#8221;]<\/p>\n<p title=\"Open with Google Docs Viewer.\">&#8212;&#8212;&#8212;&#8212;&#8212;<\/p>\n<p>Wie gehabt bei gen\u00fcgend Nachfrage zus\u00e4tzlich : Kombination Computer und\/oder Malen<\/p>\n<div>\n<div align=\"left\"><b>Computer<\/b>:<br \/>\n<b>Sa, 04.04. 2015 abends bis Mo, 06.04.2015 18h\u00a0<\/b> wieder die Kombination individuelle Computerberatung\/Atelier f\u00fcr max. 7 Personen an. W\u00e4hrend ich mich den Fragen der Teilnehmer in Einzelstunden \u201cstelle\u201d, k\u00f6nnen die Anderen die Zeit im Atelier nutzen.<\/div>\n<div align=\"left\">Themenbereiche sind Basics und alles was am Computer f\u00fcr K\u00fcnstlerInnen relevant ist.Nur f\u00fcr Windows-Benutzer.\u00a0 \u20ac 120.<\/div>\n<div align=\"left\"><\/div>\n<\/div>\n","protected":false},"excerpt":{"rendered":"<p>Osterwoche: Workshop Malerei So, den 29.03.2015 9.30 bis Samstag den 04.04.2015 14.00 (Herbstferien BY) Sieben Tage von jeweils 10:00 bis 13:00 Uhr und 14:00 bis 17:00 Uhr mit Beratung des Dozenten. Samstag Abschlu\u00dfbesprechung mit anschlie\u00dfendem Abschlu\u00dfessen (Ende ca 14h). Erg\u00e4nzende Dia-\/Multimedia Vortr\u00e4ge und Kamingespr\u00e4che an einzelnen Abenden. Die Ateliers sind weitgehend 24h zug\u00e4nglich. Kursbeginn Sonntag [&hellip;]<\/p>\n","protected":false},"author":2,"featured_media":0,"parent":1259,"menu_order":4,"comment_status":"open","ping_status":"open","template":"","meta":[],"_links":{"self":[{"href":"http:\/\/www.cubicworlds.de\/blog\/seminare\/wp-json\/wp\/v2\/pages\/1456"}],"collection":[{"href":"http:\/\/www.cubicworlds.de\/blog\/seminare\/wp-json\/wp\/v2\/pages"}],"about":[{"href":"http:\/\/www.cubicworlds.de\/blog\/seminare\/wp-json\/wp\/v2\/types\/page"}],"author":[{"embeddable":true,"href":"http:\/\/www.cubicworlds.de\/blog\/seminare\/wp-json\/wp\/v2\/users\/2"}],"replies":[{"embeddable":true,"href":"http:\/\/www.cubicworlds.de\/blog\/seminare\/wp-json\/wp\/v2\/comments?post=1456"}],"version-history":[{"count":0,"href":"http:\/\/www.cubicworlds.de\/blog\/seminare\/wp-json\/wp\/v2\/pages\/1456\/revisions"}],"up":[{"embeddable":true,"href":"http:\/\/www.cubicworlds.de\/blog\/seminare\/wp-json\/wp\/v2\/pages\/1259"}],"wp:attachment":[{"href":"http:\/\/www.cubicworlds.de\/blog\/seminare\/wp-json\/wp\/v2\/media?parent=1456"}],"curies":[{"name":"wp","href":"https:\/\/api.w.org\/{rel}","templated":true}]}}