{"id":14,"date":"2010-12-27T15:22:11","date_gmt":"2010-12-27T13:22:11","guid":{"rendered":"http:\/\/christophkern.net\/blog\/seminare\/?page_id=11"},"modified":"2010-12-27T15:22:11","modified_gmt":"2010-12-27T13:22:11","slug":"pfingsten-2011","status":"publish","type":"page","link":"http:\/\/www.cubicworlds.de\/blog\/seminare\/seminare2013\/pfingsten-2011\/","title":{"rendered":"Pfingsten 2011"},"content":{"rendered":"<p>&nbsp;<\/p>\n<p>&nbsp;<\/p>\n<p><big><span style=\"color: #660000;\">Pfingstwoche1 (Ferien in BY):<\/span> <\/big><\/p>\n<dl>\n<dd>Sonntag, den <strong>19<\/strong><span style=\"font-weight: bold;\">.06.2011 9.30h<\/span> bis Samstag <span style=\"font-weight: bold;\">25.06.2011 14.00h<\/span><\/dd>\n<\/dl>\n<p><big><span style=\"color: #660000;\">Pfingstwoche2 (keine Ferien):<\/span> <\/big><\/p>\n<dl>\n<dd>Sonntag, den <span style=\"font-weight: bold;\">26.06.2011 9.30h<\/span> bis Samstag, <span style=\"font-weight: bold;\">02.07.2011 14.00h<\/span><\/dd>\n<\/dl>\n<p>von jeweils 9:30 bis 12:30 Uhr und 14:30 bis 17:30 Uhr mit erg\u00e4nzenden<br \/>\nDia-\/Multimedia Vortr\u00e4gen und Kamingespr\u00e4chen an einzelnen Abenden.<\/p>\n<p>Kursbeginn Sonntag 9:30 h mit gemeinsamem Fr\u00fchst\u00fcck auf Kosten des Hauses<\/p>\n<p><big style=\"color: #660000;\">Kosten: <\/big><\/p>\n<dl>\n<dd>Kursgeb\u00fchr f\u00fcr <span style=\"font-weight: bold;\">7 Tage<\/span> kosten <span style=\"font-weight: bold;\">210,\u2013 \u20ac\/Pers.<\/span><br \/>\nKursgeb\u00fchr f\u00fcr <span style=\"font-weight: bold;\">14 Tage<\/span> kosten <span style=\"font-weight: bold;\">390,\u2013 \u20ac\/Pers<\/span><br \/>\nAbend-3 G\u00e4nge-Menue pauschal pro Woche <span style=\"font-weight: bold;\">95,\u2013 \u20ac\/Pers<\/span>.<br \/>\nKursgeb\u00fchr Sch\u00fcler\/ Studenten\/ Bed\u00fcrftige 150,\u2013 \u20ac\/Pers. bzw. 280,\u2013 \u20ac\/Pers.<\/dd>\n<\/dl>\n<p>(maximal 18 Personen)<\/p>\n<p>Das Anmeldeformular mit ausf\u00fchrlichen Infos k\u00f6nnen Sie mit einem Rechtsklick <a title=\"Open with Google Docs Viewer.\" href=\"http:\/\/www.cubicworlds.de\/blog\/seminare\/wp-content\/uploads\/2011\/Pfingst11.pdf\" target=\"_blank\"><strong>hier<\/strong> <\/a>im DOC-Format oder als <a title=\"Open with Google Docs Viewer.\" href=\"http:\/\/www.cubicworlds.de\/blog\/seminare\/wp-content\/uploads\/2011\/Pfingst11.pdf\" target=\"_blank\"><strong>pdf<\/strong> <\/a>herunterladen.<\/p>\n","protected":false},"excerpt":{"rendered":"<p>&nbsp; &nbsp; Pfingstwoche1 (Ferien in BY): Sonntag, den 19.06.2011 9.30h bis Samstag 25.06.2011 14.00h Pfingstwoche2 (keine Ferien): Sonntag, den 26.06.2011 9.30h bis Samstag, 02.07.2011 14.00h von jeweils 9:30 bis 12:30 Uhr und 14:30 bis 17:30 Uhr mit erg\u00e4nzenden Dia-\/Multimedia Vortr\u00e4gen und Kamingespr\u00e4chen an einzelnen Abenden. Kursbeginn Sonntag 9:30 h mit gemeinsamem Fr\u00fchst\u00fcck auf Kosten des [&hellip;]<\/p>\n","protected":false},"author":2,"featured_media":0,"parent":12,"menu_order":0,"comment_status":"open","ping_status":"open","template":"","meta":[],"_links":{"self":[{"href":"http:\/\/www.cubicworlds.de\/blog\/seminare\/wp-json\/wp\/v2\/pages\/14"}],"collection":[{"href":"http:\/\/www.cubicworlds.de\/blog\/seminare\/wp-json\/wp\/v2\/pages"}],"about":[{"href":"http:\/\/www.cubicworlds.de\/blog\/seminare\/wp-json\/wp\/v2\/types\/page"}],"author":[{"embeddable":true,"href":"http:\/\/www.cubicworlds.de\/blog\/seminare\/wp-json\/wp\/v2\/users\/2"}],"replies":[{"embeddable":true,"href":"http:\/\/www.cubicworlds.de\/blog\/seminare\/wp-json\/wp\/v2\/comments?post=14"}],"version-history":[{"count":0,"href":"http:\/\/www.cubicworlds.de\/blog\/seminare\/wp-json\/wp\/v2\/pages\/14\/revisions"}],"up":[{"embeddable":true,"href":"http:\/\/www.cubicworlds.de\/blog\/seminare\/wp-json\/wp\/v2\/pages\/12"}],"wp:attachment":[{"href":"http:\/\/www.cubicworlds.de\/blog\/seminare\/wp-json\/wp\/v2\/media?parent=14"}],"curies":[{"name":"wp","href":"https:\/\/api.w.org\/{rel}","templated":true}]}}