{"id":13,"date":"2010-12-27T11:34:03","date_gmt":"2010-12-27T09:34:03","guid":{"rendered":"http:\/\/christophkern.net\/blog\/seminare\/?page_id=9"},"modified":"2010-12-27T11:34:03","modified_gmt":"2010-12-27T09:34:03","slug":"ostern2011","status":"publish","type":"page","link":"http:\/\/www.cubicworlds.de\/blog\/seminare\/seminare2013\/ostern2011\/","title":{"rendered":"Ostern 2011"},"content":{"rendered":"<p>&nbsp;<\/p>\n<p>&nbsp;<\/p>\n<p><span style=\"color: #800000;\"><strong><big style=\"color: #660000;\">Osterwoche:<\/big><\/strong><\/span><\/p>\n<p style=\"margin-left: 40px;\"><span style=\"color: #800000;\"><strong>Sonntag den 24.04.2011 9.30 bis Samstag den 30.04.2011 14.00<\/strong><\/span><\/p>\n<p style=\"margin-left: 40px;\">(Ferien in BY, B, NRW,&#8230;)<\/p>\n<dl>\n<dd>sieben Tage von jeweils 9:30 bis 12:30 Uhr und 14:30 bis 17:30 Uhr<br \/>\nmit erg\u00e4nzenden Dia-\/Multimedia Vortr\u00e4gen und Kamingespr\u00e4chen an einzelnen Abenden.<br \/>\n<strong> Kursbeginn Sonntag 9:30 Uhr<\/strong> mit gemeinsamem Fr\u00fchst\u00fcck auf Kosten des Hauses.<\/dd>\n<\/dl>\n<p><big><span style=\"color: #660000;\"> Kosten: <\/span><\/big><\/p>\n<dl>\n<dd><strong>Kursgeb\u00fchr f\u00fcr <\/strong><strong>7 Tage 210,\u2013 \u20ac\/Pers.<\/strong> <strong>Abend-Menue f\u00fcr die Woche pauschal = 95,\u2013 \u20ac\/Pers.<\/strong><br \/>\nKursgeb\u00fchr Sch\u00fcler\/ Studenten\/ Bed\u00fcrftige 150,\u2013 \u20ac\/Pers.<br \/>\nHeizpauschale bei Bedarf w\u00f6chentl. 8,\u2013 \u20ac\/Pers. <\/dd>\n<dd>(maximal 17 Personen)<\/dd>\n<dd> <\/dd>\n<dd> <\/dd>\n<\/dl>\n<p><strong><span style=\"color: #800000;\">EDV Kurs anschlie\u00dfend vom 30.04.11 18:00 Uhr bis 02.05.11 17:00 Uhr (2 1\/2 Tg.)<\/span><\/strong><br \/>\nKosten: Kursgeb\u00fchr 210,- \u20ac\/Pers.\/ EDV 120,&#8211; \u20ac<br \/>\nAbendessen Pauschale 95,- \u20ac\/Pers.\/ 33,&#8211; \u20ac<br \/>\nSumme Kurs mit Verpflegung: 305,- \u20ac\/Pers.\/ 153,&#8211; \u20ac<br \/>\nAnmeldeschluss 15.04.2011<\/p>\n<p>Das Anmeldeformular mit ausf\u00fchrlichen Infos k\u00f6nnen Sie <a title=\"Open with Google Docs Viewer.\" href=\"http:\/\/www.cubicworlds.de\/blog\/seminare\/wp-content\/uploads\/2011\/Ostern11.pdf\" target=\"_blank\"><strong><span style=\"color: #990000;\">hier <\/span><\/strong><\/a>mit einem Rechtsklick\u00a0 als <a title=\"Open with Google Docs Viewer.\" href=\"http:\/\/www.cubicworlds.de\/blog\/seminare\/wp-content\/uploads\/2011\/Ostern11.pdf\"><strong>pdf<\/strong> <\/a>runterladen.<\/p>\n","protected":false},"excerpt":{"rendered":"<p>&nbsp; &nbsp; Osterwoche: Sonntag den 24.04.2011 9.30 bis Samstag den 30.04.2011 14.00 (Ferien in BY, B, NRW,&#8230;) sieben Tage von jeweils 9:30 bis 12:30 Uhr und 14:30 bis 17:30 Uhr mit erg\u00e4nzenden Dia-\/Multimedia Vortr\u00e4gen und Kamingespr\u00e4chen an einzelnen Abenden. Kursbeginn Sonntag 9:30 Uhr mit gemeinsamem Fr\u00fchst\u00fcck auf Kosten des Hauses. Kosten: Kursgeb\u00fchr f\u00fcr 7 Tage [&hellip;]<\/p>\n","protected":false},"author":2,"featured_media":0,"parent":12,"menu_order":0,"comment_status":"open","ping_status":"open","template":"","meta":[],"_links":{"self":[{"href":"http:\/\/www.cubicworlds.de\/blog\/seminare\/wp-json\/wp\/v2\/pages\/13"}],"collection":[{"href":"http:\/\/www.cubicworlds.de\/blog\/seminare\/wp-json\/wp\/v2\/pages"}],"about":[{"href":"http:\/\/www.cubicworlds.de\/blog\/seminare\/wp-json\/wp\/v2\/types\/page"}],"author":[{"embeddable":true,"href":"http:\/\/www.cubicworlds.de\/blog\/seminare\/wp-json\/wp\/v2\/users\/2"}],"replies":[{"embeddable":true,"href":"http:\/\/www.cubicworlds.de\/blog\/seminare\/wp-json\/wp\/v2\/comments?post=13"}],"version-history":[{"count":0,"href":"http:\/\/www.cubicworlds.de\/blog\/seminare\/wp-json\/wp\/v2\/pages\/13\/revisions"}],"up":[{"embeddable":true,"href":"http:\/\/www.cubicworlds.de\/blog\/seminare\/wp-json\/wp\/v2\/pages\/12"}],"wp:attachment":[{"href":"http:\/\/www.cubicworlds.de\/blog\/seminare\/wp-json\/wp\/v2\/media?parent=13"}],"curies":[{"name":"wp","href":"https:\/\/api.w.org\/{rel}","templated":true}]}}