{"id":1268,"date":"2013-11-27T21:15:53","date_gmt":"2013-11-27T21:15:53","guid":{"rendered":"http:\/\/frawag.kernteilung.de\/?page_id=1268"},"modified":"2013-11-27T21:15:53","modified_gmt":"2013-11-27T21:15:53","slug":"pfingsten-1u2_2014","status":"publish","type":"page","link":"http:\/\/www.cubicworlds.de\/blog\/seminare\/seminare2015\/pfingsten-1u2_2014\/","title":{"rendered":"Pfingsten I+II, 2014"},"content":{"rendered":"<p><big><span style=\"color: #800000;\">Pfingstwoche 1<\/span> (Ferien in BY):<\/big><\/p>\n<dl>\n<dd><strong>Sonntag<\/strong>,\u00a0<strong>15.06.2014<\/strong>\u00a009.30h\u00a0bis <strong>Samstag,<\/strong>\u00a0<strong>21.06.2014<\/strong>\u00a014.00h<\/dd>\n<\/dl>\n<p><big><span style=\"color: #800000;\">Pfingstwoche 2<\/span> (keine Ferien in BY):<\/big><\/p>\n<dl>\n<dd><strong>Sonntag<\/strong>, <strong>22.06.2014<\/strong>\u00a009.30h\u00a0bis <strong>Samstag<\/strong>,\u00a0<strong>28.06.2014<\/strong>\u00a014.00h<\/dd>\n<\/dl>\n<p>von jeweils 10:00 bis 13:00 Uhr und 14:00 bis 17:00 Uhr mit erg\u00e4nzenden<br \/>\nDia-\/Multimedia Vortr\u00e4gen und Kamingespr\u00e4chen an einzelnen Abenden.<\/p>\n<p>Kursbeginn Sonntag 9:30 h mit gemeinsamem Fr\u00fchst\u00fcck auf Kosten des Hauses<\/p>\n<p><big>Kosten:<\/big><\/p>\n<dl>\n<dd>Kursgeb\u00fchr f\u00fcr\u00a07 Tage\u00a0kosten\u00a0210,\u2013 \u20ac\/Pers.<br \/>\nKursgeb\u00fchr f\u00fcr\u00a014 Tage\u00a0kosten\u00a0390,\u2013 \u20ac\/Pers<br \/>\nAbend-3 G\u00e4nge-Menue pauschal pro Woche 110,\u2013 \u20ac\/Pers.<br \/>\nKursgeb\u00fchr Sch\u00fcler\/ Studenten\/ Bed\u00fcrftige 180,\u2013 \u20ac\/Pers. bzw. 330,\u2013 \u20ac\/Pers.<\/dd>\n<\/dl>\n<p>(maximal 18 Personen)<\/p>\n<p><span style=\"text-decoration: underline;\"><strong>Anmeldeformular f\u00fcr Pfingsten 1+2<\/strong><\/span><\/p>\n<p>[gview file=&#8221;http:\/\/frawag.kernteilung.de\/wp-content\/uploads\/2014\/01\/FAWAGPfingsten2014.pdf&#8221;]<\/p>\n<p>Das <a title=\"Einladung Pfingstseminare 1 und 2\" href=\"https:\/\/drive.google.com\/file\/d\/0B5u9hg1Y-vJvUTJLVC1tZFMyY2M\/edit?usp=sharing\" target=\"_blank\"><strong>Anmeldeformular<\/strong><\/a> k\u00f6nnen Sie alternativ auch <a title=\"Einladung Pfingstseminare 1 und 2\" href=\"https:\/\/drive.google.com\/file\/d\/0B5u9hg1Y-vJvUTJLVC1tZFMyY2M\/edit?usp=sharing\" target=\"_blank\">hier<\/a> als\u00a0<a title=\"Einladung Pfingstseminare 1 und 2\" href=\"https:\/\/drive.google.com\/file\/d\/0B5u9hg1Y-vJvUTJLVC1tZFMyY2M\/edit?usp=sharing\" target=\"_blank\"><strong>pdf<\/strong><\/a>\u00a0ansehen (und mit einem Rechtsklick herunterladen).<\/p>\n","protected":false},"excerpt":{"rendered":"<p>Pfingstwoche 1 (Ferien in BY): Sonntag,\u00a015.06.2014\u00a009.30h\u00a0bis Samstag,\u00a021.06.2014\u00a014.00h Pfingstwoche 2 (keine Ferien in BY): Sonntag, 22.06.2014\u00a009.30h\u00a0bis Samstag,\u00a028.06.2014\u00a014.00h von jeweils 10:00 bis 13:00 Uhr und 14:00 bis 17:00 Uhr mit erg\u00e4nzenden Dia-\/Multimedia Vortr\u00e4gen und Kamingespr\u00e4chen an einzelnen Abenden. Kursbeginn Sonntag 9:30 h mit gemeinsamem Fr\u00fchst\u00fcck auf Kosten des Hauses Kosten: Kursgeb\u00fchr f\u00fcr\u00a07 Tage\u00a0kosten\u00a0210,\u2013 \u20ac\/Pers. Kursgeb\u00fchr f\u00fcr\u00a014 Tage\u00a0kosten\u00a0390,\u2013 [&hellip;]<\/p>\n","protected":false},"author":2,"featured_media":0,"parent":1259,"menu_order":0,"comment_status":"open","ping_status":"open","template":"","meta":[],"_links":{"self":[{"href":"http:\/\/www.cubicworlds.de\/blog\/seminare\/wp-json\/wp\/v2\/pages\/1268"}],"collection":[{"href":"http:\/\/www.cubicworlds.de\/blog\/seminare\/wp-json\/wp\/v2\/pages"}],"about":[{"href":"http:\/\/www.cubicworlds.de\/blog\/seminare\/wp-json\/wp\/v2\/types\/page"}],"author":[{"embeddable":true,"href":"http:\/\/www.cubicworlds.de\/blog\/seminare\/wp-json\/wp\/v2\/users\/2"}],"replies":[{"embeddable":true,"href":"http:\/\/www.cubicworlds.de\/blog\/seminare\/wp-json\/wp\/v2\/comments?post=1268"}],"version-history":[{"count":0,"href":"http:\/\/www.cubicworlds.de\/blog\/seminare\/wp-json\/wp\/v2\/pages\/1268\/revisions"}],"up":[{"embeddable":true,"href":"http:\/\/www.cubicworlds.de\/blog\/seminare\/wp-json\/wp\/v2\/pages\/1259"}],"wp:attachment":[{"href":"http:\/\/www.cubicworlds.de\/blog\/seminare\/wp-json\/wp\/v2\/media?parent=1268"}],"curies":[{"name":"wp","href":"https:\/\/api.w.org\/{rel}","templated":true}]}}