{"id":12,"date":"2006-12-28T11:24:32","date_gmt":"2006-12-28T11:24:32","guid":{"rendered":"http:\/\/christophkern.net\/blog\/seminare\/?page_id=8"},"modified":"2006-12-28T11:24:32","modified_gmt":"2006-12-28T11:24:32","slug":"seminare2013","status":"publish","type":"page","link":"http:\/\/www.cubicworlds.de\/blog\/seminare\/seminare2013\/","title":{"rendered":"Seminare 2013"},"content":{"rendered":"<p>Alle Infodaten f\u00fcr unsere Seminare im Stadel Wagenhofen sind aktualisiert; Einzelheiten findet Ihr rechts auf der website unter <strong>Termine&amp;Kosten<\/strong> oder direkt bei Familie Laukmanis (tel. 08431\/67020 -zu erfragen bei Frau Schubert)<\/p>\n<p>Auch 2013 freue ich mich wieder sehr auf unsere bildnerische Zusammenarbeit und einen spannenden Diskurs \u00fcber die Kunst.<br \/>\nWie ausserordentlich fruchtbar die Arbeit im Stadel auch 2009 wieder war, kann jeder den Teilnehmergalerien entnehmen.<br \/>\n(Die neuen <a title=\"2011 Herbst\" href=\"http:\/\/frawag.kernteilung.de\/teilnehmerarbeiten\/2011herbst\/\">Teilnehmerarbeiten vom Herbst 2013<\/a> sind ebenfalls online.)<\/p>\n<p>Der zweite Termin im Herbst und die Computererg\u00e4nzungskurse wurden sehr gut angenommen und bleiben deshalb auch 2013 im Programm.<\/p>\n<p>F\u00fcr die Abendveranstaltungen konnte ich wieder eine Menge spannendes Bild- und Videomaterial zusammen stellen.<br \/>\nJa, und schon jetzt freue ich mich ganz pers\u00f6nlich auf die konstruktive Arbeitsatmosph\u00e4re mit Euch, auf Andi und Irene und ihren wunderbaren Stadel, und nicht zuletzt: auf Irenes hervorragende K\u00fcche!<\/p>\n<p>also, vielleicht bis Ostern, Pfingsten oder Herbst \u2014 ich w\u00fcrde mich freuen<\/p>\n<p>Euer Christoph Kern<\/p>\n<p>[widgets_on_pages id=3]<\/p>\n","protected":false},"excerpt":{"rendered":"<p>Alle Infodaten f\u00fcr unsere Seminare im Stadel Wagenhofen sind aktualisiert; Einzelheiten findet Ihr rechts auf der website unter Termine&amp;Kosten oder direkt bei Familie Laukmanis (tel. 08431\/67020 -zu erfragen bei Frau Schubert) Auch 2013 freue ich mich wieder sehr auf unsere bildnerische Zusammenarbeit und einen spannenden Diskurs \u00fcber die Kunst. Wie ausserordentlich fruchtbar die Arbeit im [&hellip;]<\/p>\n","protected":false},"author":2,"featured_media":0,"parent":0,"menu_order":0,"comment_status":"open","ping_status":"closed","template":"","meta":[],"_links":{"self":[{"href":"http:\/\/www.cubicworlds.de\/blog\/seminare\/wp-json\/wp\/v2\/pages\/12"}],"collection":[{"href":"http:\/\/www.cubicworlds.de\/blog\/seminare\/wp-json\/wp\/v2\/pages"}],"about":[{"href":"http:\/\/www.cubicworlds.de\/blog\/seminare\/wp-json\/wp\/v2\/types\/page"}],"author":[{"embeddable":true,"href":"http:\/\/www.cubicworlds.de\/blog\/seminare\/wp-json\/wp\/v2\/users\/2"}],"replies":[{"embeddable":true,"href":"http:\/\/www.cubicworlds.de\/blog\/seminare\/wp-json\/wp\/v2\/comments?post=12"}],"version-history":[{"count":0,"href":"http:\/\/www.cubicworlds.de\/blog\/seminare\/wp-json\/wp\/v2\/pages\/12\/revisions"}],"wp:attachment":[{"href":"http:\/\/www.cubicworlds.de\/blog\/seminare\/wp-json\/wp\/v2\/media?parent=12"}],"curies":[{"name":"wp","href":"https:\/\/api.w.org\/{rel}","templated":true}]}}